{"id":3829,"date":"2021-09-02T18:58:49","date_gmt":"2021-09-02T15:58:49","guid":{"rendered":"https:\/\/lamb.lv\/assistance-exclusive-kartes-lietosanas-noteikumi\/"},"modified":"2021-09-02T18:58:49","modified_gmt":"2021-09-02T15:58:49","slug":"assistance-exclusive-kartes-lietosanas-noteikumi","status":"publish","type":"page","link":"https:\/\/lamb.lv\/en\/assistance-exclusive-kartes-lietosanas-noteikumi\/","title":{"rendered":"Assistance Exclusive kartes lieto\u0161anas noteikumi"},"content":{"rendered":"<p>J\u016bs esat izdar\u012bjis pareizo izv\u0113li! Assistance Exclusive b\u016bs J\u016bsu r\u012bc\u012bb\u0101, sniedzot pal\u012bdz\u012bbu \u0101rzem\u0113s, kad t\u0101 ir nepiecie\u0161ama.<\/p>\n<p><strong>KUR\u0160 VAR IZMANTOT ASSISTANCE EXCLUSIVE<\/strong>?<\/p>\n<p>Assistance Exclusive ir \u012bpa\u0161s pakalpojums LAMB autokluba biedram. Assistance Exclusive aizsarg\u0101 LAMB autokluba biedrus un t\u0101 l\u012bdzbrauc\u0113jus.<\/p>\n<p><strong>K\u0100DAM TRANSPORTA L\u012aDZEKLIM IR DER\u012aGA ASSISTANCE EXCLUSIVE<\/strong>?<\/p>\n<p>Ar Assistance Exclusive J\u016bs varat sa\u0146emt pal\u012bdz\u012bbu transporta l\u012bdzeklim (motociklam, vieglai automa\u0161\u012bnai) ar pilno masu l\u012bdz 3,5t. \u012apa\u0161us iz\u0146\u0113muma gad\u012bjumus, l\u016bdzu, saska\u0146ojiet ar LAMB autoklubu (piem., transportl\u012bdzek\u013ca mai\u0146a Assistance Exclusive der\u012bguma laik\u0101). Pakalpojumi, kas saist\u012bti ar transporta l\u012bdzek\u013ciem, ir attiecin\u0101mi tikai uz Latvij\u0101 re\u0123istr\u0113tiem transporta l\u012bdzek\u013ciem un ir der\u012bgi tikai Assistance Exclusive nor\u0101d\u012btajam transporta l\u012bdzeklim.<\/p>\n<p><strong>KUR IR DER\u012aGA ASSISTANCE EXCLUSIVE<\/strong>?<\/p>\n<p>Assistance Exclusive ir der\u012bga vis\u0101 Eirop\u0101 t\u0101s \u0123eogr\u0101fisk\u0101 izpratn\u0113, kur ir iesp\u0113jams t\u016brisms (iz\u0146emot valstis, kur\u0101s ir kara vai \u0101rk\u0101rtas st\u0101voklis).<\/p>\n<p><strong>K\u0100 VAR PIEPRAS\u012aT ASSISTANCE EXCLUSIVE PAKALPOJUMUS<\/strong>?<\/p>\n<p>Nepiecie\u0161am\u012bbas gad\u012bjum\u0101 piezvaniet LAMB autokluba dispe\u010derdienestam pa t\u0101lruni +371 67566 222, un m\u016bsu darbinieks uzs\u0101ks visus nepiecie\u0161amos pas\u0101kumus. Pras\u012bba p\u0113c naudas l\u012bdzek\u013cu atl\u012bdz\u012bbas var b\u016bt tikai p\u0113c tam, kad iepriek\u0161 ir bijis izsaukums, sazvanot Klubu.<\/p>\n<ul>\n<li>Pieprasot naudas l\u012bdzek\u013cu atl\u012bdz\u012bbu, l\u016bdzu nos\u016btiet (pieg\u0101d\u0101jiet) mums p\u0113c iesp\u0113jas \u0101tr\u0101k visus nepiecie\u0161amos dokumentus (ori\u0123in\u0101lr\u0113\u0137inus, \u0101rsta apstiprin\u0101jumu un tml.). Lai veiktu naudas p\u0101rvedumu, l\u016bdzu, dar\u012bt mums zin\u0101mus bankas rekviz\u012btus. Dokumentus ori\u0123in\u0101lus var nos\u016bt\u012bt pa pastu uz adresi: Raunas iela 16B, R\u012bga, LV-1039 vai nos\u016bt\u012bt elektroniski uz e-pasta adresi: &#x70;&#105;e&#x74;&#101;i&#x6b;&#117;m&#x69;&#64;l&#x61;&#109;b&#x2e;&#x6c;v.<\/li>\n<li>Pras\u012bbai par naudas l\u012bdzek\u013cu atl\u012bdz\u012bbu, ieskaitot nepiecie\u0161amos ori\u0123in\u0101ldokumentus, j\u0101b\u016bt iesniegtais nekav\u0113joties p\u0113c atgrie\u0161an\u0101s m\u0101j\u0101s, bet v\u0113l\u0101kais 2 m\u0113ne\u0161us p\u0113c izsaukuma, ja ir pier\u0101d\u0101mi objekt\u012bvi iemesli.<\/li>\n<\/ul>\n<p><strong>K\u0100D\u0100 GAD\u012aJUM\u0100 NEVAR IZMANTOT ASSISTANCE EXCLUSIVE PAKALPOJUMUS<\/strong>?<\/p>\n<ul>\n<li>K\u0101da cita iest\u0101de (piem., apdro\u0161in\u0101\u0161anas komp\u0101nija) ir saist\u012bta ar izdevumu atl\u012bdz\u012bbu vai faktisku samaksu. Par katru pakalpojumu, kur ir pras\u012bba par likum\u012bgu atbild\u012bbu saist\u012bb\u0101 ar tre\u0161o personu, l\u016bdzu, griezties LAMB autoklub\u0101.<\/li>\n<li>Jums pien\u0101kas pras\u012bba pret citu pusi (piem., apdro\u0161in\u0101\u0161anas sabiedr\u012bbu).<\/li>\n<li>Negad\u012bjums, saslim\u0161ana vai transporta l\u012bdzek\u013ca boj\u0101jumi radu\u0161ies alkohola, narkotisko vai \u0101rstniecisko l\u012bdzek\u013cu lieto\u0161anas d\u0113\u013c, k\u0101 ar\u012b t\u012b\u0161i vai rupjas nolaid\u012bbas vai neizdar\u012bbas d\u0113\u013c.<\/li>\n<li>Transporta l\u012bdzeklis ir ticis vad\u012bts bez likum\u012bg\u0101m ties\u012bb\u0101m.<\/li>\n<li>Transporta l\u012bdzeklis ir ticis izmantots viet\u0101s, kas nav paredz\u0113tas ce\u013cu satiksmei vai pas\u0101kumos, kuru m\u0113r\u0137is ir augst\u0101k\u0101 brauk\u0161anas \u0101truma sasnieg\u0161ana, \u0161\u0137\u0113r\u0161\u013cu p\u0101rvar\u0113\u0161ana vai sevi\u0161\u0137as brauk\u0161anas m\u0101kas demonstr\u0113jumi, vai ar\u012b treni\u0146braucienos, k\u0101 ar\u012b gatavojoties \u0161\u0101diem pas\u0101kumiem.<\/li>\n<li>Transporta l\u012bdzeklis ir atst\u0101ts \u0101rzem\u0113s dabas stihiju, dabas katastrofu, kara, nemieru, diplom\u0101tisku sare\u017e\u0123\u012bjumu d\u0113\u013c.<\/li>\n<li>Transporta l\u012bdzek\u013ca v\u0113rt\u012bba ir maz\u0101ka nek\u0101 p\u0101rve\u0161anas izdevumi. V\u0113rt\u012bba tiek noteikta saska\u0146\u0101 ar sp\u0113k\u0101 eso\u0161o LTAB transporta l\u012bdzek\u013cu v\u0113rt\u012bbu katalogu.<\/li>\n<\/ul>\n<p><strong>NOTEIKUMI<\/strong><\/p>\n<p>Tehnisk\u0101 pal\u012bdz\u012bba:<\/p>\n<p><strong>KAS IR NOTICIS<\/strong>?<\/p>\n<p>Ar Assistance Exclusive aizsarg\u0101tais transporta l\u012bdzeklis nevar braukt tehniska boj\u0101juma d\u0113\u013c un tam ir vajadz\u012bga tehnisk\u0101 pal\u012bdz\u012bba. Tehnisk\u0101 pal\u012bdz\u012bba ir s\u012bku boj\u0101jumu nov\u0113r\u0161ana uz vietas un sev\u012b ietver: boj\u0101jumu diagnostiku; piestart\u0113\u0161anu, durvju atv\u0113r\u0161anu; riepu nomai\u0146u\/vai remontu; probl\u0113mas ar aizdedzes atsl\u0113gu nov\u0113r\u0161anu; signaliz\u0101cijas probl\u0113mu nov\u0113r\u0161anu; degvielas pieve\u0161anu.<\/p>\n<p><strong>KAS JUMS J\u0100DARA<\/strong>?<\/p>\n<p>Pazi\u0146ojiet pa t\u0101lruni LAMB autokluba dispe\u010derdienestam inform\u0101ciju par notikuma b\u016bt\u012bbu un savu atra\u0161an\u0101s vietu un t\u0101l\u0101k r\u012bkojieties saska\u0146\u0101 ar dispe\u010dera nor\u0101d\u012bjumiem.<\/p>\n<p><strong>K\u0100 JUMS PAL\u012aDZ\u0112S LAMB AUTOKLUBS<\/strong>?<\/p>\n<p>LAMB autoklubs segs tehnisk\u0101s pal\u012bdz\u012bbas izdevumus 2 reizes Assistance Exclusive der\u012bguma laik\u0101 l\u012bdz maksim\u0101lai summai 100 EUR (ieskaitot PVN) katr\u0101 reiz\u0113.<\/p>\n<p>Transporta l\u012bdzek\u013ca transport\u0113\u0161ana l\u012bdz servisam:<\/p>\n<p><strong>KAS IR NOTICIS<\/strong>?<\/p>\n<p>Ar Assistance Exclusive aizsarg\u0101tais transporta l\u012bdzeklis nevar braukt tehniska boj\u0101juma d\u0113\u013c un to vajag transport\u0113t.<\/p>\n<p><strong>KAS JUMS J\u0100DARA<\/strong>?<\/p>\n<p>Pazi\u0146ojiet pa t\u0101lruni LAMB autokluba dispe\u010derdienestam inform\u0101ciju par notikuma b\u016bt\u012bbu un savu atra\u0161an\u0101s vietu un t\u0101l\u0101k r\u012bkojieties saska\u0146\u0101 ar dispe\u010dera nor\u0101d\u012bjumiem.<\/p>\n<p><strong>K\u0100 JUMS PAL\u012aDZ\u0112S LAMB AUTOKLUBS<\/strong>?<\/p>\n<p>LAMB autoklubs segs transport\u0113\u0161anas izdevumus l\u012bdz tuv\u0101kai darbn\u012bcai l\u012bdz maksim\u0101lai summai 130 EUR (ieskaitot PVN). Pakalpojumi darbn\u012bc\u0101 netiek segti.<\/p>\n<p>Nepl\u0101nota p\u0101rnak\u0161\u0146o\u0161ana transporta l\u012bdzek\u013ca remonts laik\u0101:<\/p>\n<p><strong>KAS IR NOTICIS<\/strong>?<\/p>\n<p>Ar Assistance Exclusive aizsarg\u0101tais transporta l\u012bdzeklis tehniska boj\u0101juma d\u0113\u013c nav braucams, un t\u0101 remontu nevar veikt taj\u0101 pa\u0161\u0101 dien\u0101. Jums ir nepiecie\u0161ama nepl\u0101nota p\u0101rnak\u0161\u0146o\u0161ana.<\/p>\n<p><strong>KAS JUMS J\u0100DARA<\/strong>?<\/p>\n<ol>\n<li>Inform\u0113jiet LAMB autokluba dispe\u010derdienestu par J\u016bsu transporta l\u012bdzek\u013ca gaid\u0101mo remonta ilgumu un nepiecie\u0161amo p\u0101rnak\u0161\u0146o\u0161anu.<\/li>\n<li>Apmaks\u0101jiet p\u0101rnak\u0161\u0146o\u0161anas (viesn\u012bcas) izdevumus.<\/li>\n<li>P\u0113c atgrie\u0161an\u0101s m\u0101j\u0101s iesniedziet p\u0101rnak\u0161\u0146o\u0161anas (viesn\u012bcas) r\u0113\u0137inu, k\u0101 ar\u012b r\u0113\u0137inu par transporta l\u012bdzek\u013ca remontu LAMB autokluba atbild\u012bgai personai. Remonta r\u0113\u0137in\u0101 noteikti j\u0101b\u016bt nor\u0101d\u012btam J\u016bsu transporta l\u012bdzek\u013ca re\u0123istr\u0101cijas numuram. Dokumentu ori\u0123in\u0101lus var nos\u016bt\u012bt pa pastu uz adresi: Raunas iela 16B, R\u012bga, LV-1039 vai nos\u016bt\u012bt elektroniski uz e-pasta adresi: &#112;i&#x65;t&#x65;i&#x6b;&#117;&#x6d;&#105;&#x40;&#108;a&#x6d;b&#x2e;l&#x76;.<\/li>\n<\/ol>\n<p>UZMAN\u012aBU! Nav iesp\u0113jams izmantot \u0161o pakalpojumu vienlaic\u012bgi ar transporta l\u012bdzek\u013ca transport\u0113\u0161anu uz Latviju.<\/p>\n<p><strong>K\u0100 JUMS PAL\u012aDZ\u0112S LAMB AUTOKLUBS<\/strong>?<\/p>\n<p>LAMB autoklubs atl\u012bdzin\u0101s Jums un J\u016bsu l\u012bdzbrauc\u0113jiem p\u0101rnak\u0161\u0146o\u0161anas (viesn\u012bcas) izdevumus l\u012bdz maksim\u0101lai summai 80 EUR (ieskaitot PVN).<\/p>\n<p>Transporta l\u012bdzek\u013ca atg\u0101d\u0101\u0161ana uz Latviju autovad\u012bt\u0101ja saslim\u0161anas vai nelaimes gad\u012bjuma d\u0113\u013c:<\/p>\n<p><strong>KAS IR NOTICIS<\/strong>?<\/p>\n<p>Autovad\u012bt\u0101js, kuru aizsarg\u0101 Assistance Exclusive, ir neparedz\u0113tas saslim\u0161anas vai nelaimes gad\u012bjuma d\u0113\u013c cietis un nevar transporta l\u012bdzekli pats atvest uz savu dz\u012bvesvietu, un kop\u0101 ar vi\u0146u nebrauc neviens cits, kam ir der\u012bga autovad\u012bt\u0101ja apliec\u012bba.<\/p>\n<p><strong>KAS JUMS J\u0100DARA<\/strong>?<\/p>\n<ol>\n<li>Sazinieties ar LAMB autokluba dispe\u010derdienestu un inform\u0113jiet par nepiecie\u0161am\u012bbu ats\u016bt\u012bt p\u0101rst\u0101vi, lai atg\u0101d\u0101tu J\u016bsu transporta l\u012bdzekli, kas ir brauk\u0161anas st\u0101vokl\u012b un ir tehnisk\u0101 k\u0101rt\u012bb\u0101, uz Latviju.<\/li>\n<li>Izsniedziet m\u016bsu vad\u012bt\u0101ja r\u012bc\u012bb\u0101 tehnisko pasi, apdro\u0161in\u0101\u0161anas dokumentus, transporta l\u012bdzek\u013ca atsl\u0113gu, \u0101rsta izzi\u0146u par nesp\u0113ju braukt un citus nepiecie\u0161amos dokumentus.<\/li>\n<li>Ja Assistance Exclusive \u012bpa\u0161nieks vienlaikus ir tehnisk\u0101s pases \u012bpa\u0161nieks un nevar piedal\u012bties p\u0101rve\u0161an\u0101 ar LAMB autokluba p\u0101rst\u0101vi (piem., sakar\u0101 ar uztur\u0113\u0161anos slimn\u012bc\u0101), tad p\u0101rst\u0101vim l\u012bdzi ir j\u0101iedod notari\u0101li apstiprin\u0101ta pilnvara, un jebkur\u0101 gad\u012bjum\u0101 Jums ir j\u0101zi\u0146o LAMB autokluba dispe\u010derdienestam par \u0161o probl\u0113mu.<\/li>\n<\/ol>\n<p><strong>UZMAN\u012aBU<\/strong>! LAMB autokluba p\u0101rst\u0101vis netiek nos\u016bt\u012bts, ja vad\u012bt\u0101jam ir at\u0146emtas vai aiztur\u0113tas vad\u012bt\u0101ja ties\u012bbas un ja personai, kura brauc l\u012bdzi, ir der\u012bgas vad\u012bt\u0101ja ties\u012bbas. Visos p\u0101r\u0113jos gad\u012bjumos ir der\u012bgi Assistance Exclusive izsnieg\u0161anas un lieto\u0161anas noteikumi.<\/p>\n<p><strong>K\u0100 JUMS PAL\u012aDZ\u0112S LAMB AUTOKLUBS<\/strong>?<\/p>\n<ol>\n<li>Cik \u0101tri iesp\u0113jams, LAMB autoklubs p\u0113c zi\u0146as sa\u0146em\u0161anas nos\u016bt\u012bs savu p\u0101rst\u0101vi. P\u0101rst\u0101vja izv\u0113le paliek LAMB autokluba zi\u0146\u0101!<\/li>\n<li>M\u016bsu p\u0101rst\u0101vis atved\u012bs transporta l\u012bdzekli kop\u0101 ar pasa\u017eieriem, bag\u0101\u017eu un \u0161aj\u0101 gad\u012bjum\u0101 ar\u012b ar slimnieku, ja \u0101rsta izzi\u0146\u0101 ir apliecin\u0101ts, ka vi\u0146u var transport\u0113t uz dz\u012bvesvietu.<\/li>\n<li>LAMB autoklubs sedz sava p\u0101rst\u0101vja ce\u013cojuma izdevumus (transporta bi\u013cetes, apdro\u0161in\u0101\u0161ana, v\u012bzas, nak\u0161\u0146o\u0161ana, dienas uztur\u0113\u0161an\u0101s un tml.) l\u012bdz maksim\u0101lai summai 800 EUR (ieskaitot PVN).<\/li>\n<\/ol>\n<p>Transporta l\u012bdzek\u013ca (piem., degvielas izmaksas, ce\u013cu nodoklis u.c.) un pasa\u017eieru ce\u013cojuma (piem., p\u0101rnak\u0161\u0146o\u0161anas izdevumi ce\u013c\u0101, uzturs u.c.) izmaksas sedz Assistance Exclusive \u012bpa\u0161nieks.<\/p>\n<p>Boj\u0101t\u0101 transporta l\u012bdzek\u013ca transport\u0113\u0161ana uz Latviju:<\/p>\n<p><strong>KAS IR NOTICIS<\/strong>?<\/p>\n<p>Ar Assistance Exclusive aizsarg\u0101tais transporta l\u012bdzeklis tehniska boj\u0101juma d\u0113\u013c nav braucams, un to nevar uz vietas saremont\u0113t par summu l\u012bdz 1000 EUR (ieskaitot PVN).<\/p>\n<p><strong>KAS JUMS J\u0100DARA<\/strong>?<\/p>\n<p>Pazi\u0146ojiet pa t\u0101lruni LAMB autokluba dispe\u010derdienestam inform\u0101ciju par notikuma b\u016bt\u012bbu un savu atra\u0161an\u0101s vietu un t\u0101l\u0101k r\u012bkojieties saska\u0146\u0101 ar dispe\u010derdienesta nor\u0101d\u012bjumiem.<\/p>\n<p><strong>UZMAN\u012aBU<\/strong>! Transporta l\u012bdzek\u013ca transport\u0113\u0161anu dr\u012bkst veikt tikai LAMB autoklubs vai t\u0101 l\u012bgumpartneris.<\/p>\n<p>Ar transport\u0113\u0161anu saist\u012bta atbild\u012bba aptver tikai Assistance Exclusive aizsarg\u0101to transporta l\u012bdzekli, k\u0101 ar\u012b t\u0101 piederumus. Visos p\u0101r\u0113jos gad\u012bjumos ir der\u012bgi Assistance Exclusive izdo\u0161anas un lieto\u0161anas noteikumi.<\/p>\n<p><strong>K\u0100 JUMS PAL\u012aDZ\u0112S LAMB AUTOKLUBS<\/strong>?<\/p>\n<ol>\n<li>P\u0113c J\u016bsu piepras\u012bjuma LAMB autoklubs, cik \u0101tri vien iesp\u0113jams, nos\u016bt\u012bs transportu.<\/li>\n<li>LAMB autoklubs sedz p\u0101rve\u0161anas izdevumus l\u012bdz maksim\u0101lai summai 500 EUR (ieskaitot PVN).<\/li>\n<li>Kluba biedram j\u0101sedz, ne maz\u0101k, k\u0101 20% no kop\u0113j\u0101 r\u0113\u0137ina summas par transport\u0113\u0161anu.<\/li>\n<\/ol>\n<p><strong>UZMAN\u012aBU<\/strong>! Izdevumi par st\u0101vvietu un tml. netiek segti.<\/p>\n<p>Boj\u0101t\u0101 transporta l\u012bdzek\u013ca transport\u0113\u0161ana uz Latviju (Svar\u012bgi nor\u0101d\u012bjumi):<\/p>\n<p><strong>P\u0100RVE\u0160ANAI IR NEPIECIE\u0160AMS<\/strong>: tehnisk\u0101 pase, transporta l\u012bdzek\u013ca atsl\u0113gas, der\u012bga OCTA polise, starptautisk\u0101 transportl\u012bdzek\u013ca apdro\u0161in\u0101\u0161anas karte (za\u013c\u0101 karte) vai robe\u017epolise. \u0160os dokumentus un atsl\u0113gas, l\u016bdzu, nododiet m\u016bsu p\u0101rst\u0101vim transporta l\u012bdzek\u013ca atra\u0161an\u0101s viet\u0101.<\/p>\n<p>Ja, \u0161\u0137\u0113rsojot robe\u017eu, Assistance Exclusive \u012bpa\u0161nieka ce\u013cojuma pas\u0113 muitas darbinieki ir izdar\u012bju\u0161i atz\u012bmi, tad mums nepiecie\u0161ama ar\u012b ce\u013cojuma pase. \u0160o atz\u012bmi tuv\u0101kaj\u0101 muitas punkt\u0101 (nevis uz robe\u017eas) nepiecie\u0161ams anul\u0113t. To neiev\u0113rojot, Jums, izbraucot no \u0161\u012bs valsts, var rasties probl\u0113mas.<\/p>\n<p>Ja J\u016bsu transporta l\u012bdzeklis p\u0101rsniedz vienu no \u0161iem izm\u0113riem: augstum\u0101 2,5 m, platum\u0101 2,3 m, garum\u0101 6 m vai pie\u013caujam\u0101 piln\u0101 masa p\u0101rsniedz 3,5 t. \u2013 tad, ja b\u016bs iesp\u0113jams, transport\u0113\u0161ana tiks veikta, ta\u010du J\u016bsu izmaksas da\u013ca tiks apr\u0113\u0137in\u0101ta augst\u0101ka.<\/p>\n<p>Rezerves da\u013cu pieg\u0101de uz \u0101rzem\u0113m:<\/p>\n<p><strong>KAS IR NOTICIS<\/strong>?<\/p>\n<p>Ar Assistance Exclusive aizsarg\u0101tais transporta l\u012bdzeklis tehnisku iemeslu d\u0113\u013c nevar braukt un to var saremont\u0113t tikai nos\u016btot rezerves da\u013cas.<\/p>\n<p><strong>KAS JUMS J\u0100DARA<\/strong>?<\/p>\n<ol>\n<li>P\u0113c p\u0101rbaudes vai \u0161\u012b rezerves da\u013ca patie\u0161\u0101m nav dab\u016bjama \u0161aj\u0101 valst\u012b, kur\u0101 J\u016bs pa\u0161reiz atrodaties, l\u016bdzu, inform\u0113jiet LAMB autokluba dispe\u010derdienestu par nepiecie\u0161am\u012bbu nos\u016bt\u012bt rezerves da\u013cu.<\/li>\n<li>Pazi\u0146ojiet mums kontaktpersonas t\u0101lru\u0146a numuru, pa kuru m\u016bsu dispe\u010derdienests var\u0113tu inform\u0113t J\u016bsu pilnvaroto personu, kas b\u016btu gatava garant\u0113t aptuven\u0101s nepiecie\u0161am\u0101s rezerves da\u013cu izmaksas, respekt\u012bvi, depon\u0113t naudu LAMB autoklubam, un kas var\u0113tu mums pal\u012bdz\u0113t, ja piepras\u0101m\u0101s rezerves da\u013cas sag\u0101d\u0101\u0161ana, neskatoties uz m\u016bsu ekspertu zin\u0101\u0161an\u0101m, rad\u012btu probl\u0113mas.<\/li>\n<\/ol>\n<p>UZMAN\u012aBU! Rezerves da\u013cas pieg\u0101des termi\u0146i no lidostas ir atkar\u012bgi no pieg\u0101des formas darba laika. T\u0101p\u0113c ned\u0113\u013cas beig\u0101s var b\u016bt gr\u016bt\u012bbas. Pakalpojumi \u201cRezerves da\u013cu pieg\u0101de\u201d un \u201cTransporta l\u012bdzek\u013ca transport\u0113\u0161ana\u201d nevar tikt izmantoti vienlaikus.<\/p>\n<p><strong>K\u0100 JUMS PAL\u012aDZ\u0112S LAMB AUTOKLUBS<\/strong>?<\/p>\n<ol>\n<li>P\u0113c nepiecie\u0161am\u0101 depoz\u012bta noguld\u012b\u0161anas (J\u016bsu vai pilnvarot\u0101s personas garantija) LAMB autoklubs organiz\u0113s rezerves da\u013cas ieg\u0101di un nos\u016bt\u012bs to, cik \u0101tri vien iesp\u0113jams, pa gaisa pastu uz nor\u0101d\u012bto adresi. LAMB autoklubs inform\u0113s J\u016bs, kad rezerves da\u013ca pien\u0101ks, respekt\u012bvi, sadarb\u012bb\u0101 ar partneri izsniegs rezerves da\u013cu J\u016bsu atra\u0161an\u0101s viet\u0101 \u0101rvalst\u012bs.<\/li>\n<li>LAMB autoklubs uz\u0146emas segt pieg\u0101des izdevumus l\u012bdz maksim\u0101lai summai 100 EUR (ieskaitot PVN). Savuk\u0101rt J\u016bs vai J\u016bsu pilnvarot\u0101 persona sedz rezerves da\u013cas izmaksas.<\/li>\n<li>J\u016bs vai J\u016bsu pilnvarot\u0101 persona tiksiet nekav\u0113jo\u0161i inform\u0113ta gad\u012bjum\u0101, ja rezerves da\u013cas sag\u0101d\u0113 (transporta l\u012bdzek\u013ca tipa vai izlaiduma gada d\u0113\u013c) rad\u012bsies probl\u0113mas.<\/li>\n<\/ol>\n<p>Kred\u012bts neparedz\u0113tam lidojumam uz Latviju:<\/p>\n<p><strong>KAS IR NOTICIS<\/strong>?<\/p>\n<p>J\u016bs vai k\u0101ds no J\u016bsu l\u012bdzbrauc\u0113jiem ir spiesti p\u0101rtraukt uztur\u0113\u0161anos \u0101rzem\u0113s neparedz\u0113tu notikumu d\u0113l. L\u012bdzi pa\u0146emtas skaidr\u0101s naudas vai kred\u012btkartes nepietiek maksai par lidma\u0161\u012bnas bi\u013ceti.<\/p>\n<p><strong>KAS JUMS J\u0100DARA<\/strong>?<\/p>\n<p>L\u016bdzu, v\u0113rsieties LAMB autokluba dispe\u010derdienest\u0101, lai klubs var\u0113tu ieg\u0101d\u0101ties lidma\u0161\u012bnas bi\u013cetes. Vienlaic\u012bgi pazi\u0146ojiet klubam, kur\u0161 (J\u016bsu pilnvarot\u0101 persona, piem., pieder\u012bgais) garant\u0113s lidojuma izmaksas, respekt\u012bvi, depon\u0113s nepiecie\u0161amo naudas summu.<\/p>\n<p><strong>K\u0100 JUMS PAL\u012aDZ\u0112S LAMB AUTOKLUBS<\/strong>?<\/p>\n<ol>\n<li>P\u0113c zi\u0146as sa\u0146em\u0161anas LAMB autoklubs, cik \u0101tri vien iesp\u0113jams, noskaidros \u0113rt\u0101ko lidma\u0161\u012bnas reisu, rezerv\u0113s lidojumu un ierosin\u0101s saglab\u0101t izv\u0113l\u0113to lidma\u0161\u012bnas bi\u013ceti.<\/li>\n<li>Klubs pazi\u0146os Jums jau iepriek\u0161, kur var sa\u0146emt bi\u013ceti un kuram lidma\u0161\u012bnas reisam t\u0101 ir rezerv\u0113ta.<\/li>\n<li>Klubs p\u0113c depoz\u012bta sa\u0146em\u0161anas par lidma\u0161\u012bnas bi\u013ceti uz\u0146emas segt rezerv\u0113\u0161anas izdevumus.<\/li>\n<\/ol>\n<p><strong>VISP\u0100R\u012aGIE NOTEIKUMI<\/strong>:<\/p>\n<ul>\n<li>Nepiecie\u0161amos datus Assistance Exclusive dokumenta aizpild\u012b\u0161anai ieg\u016bst no www.lamb.lv aizpild\u012bt\u0101s pieteikuma formas. Klients apliecina, ka sniegt\u0101 inform\u0101cija ir patiesa..<\/li>\n<li>Pakalpojumu snieg\u0161anas laiks ir atkar\u012bgs no l\u012bguma partneru iesp\u0113j\u0101m, laika apst\u0101k\u013ciem, satiksmes intensit\u0101tes, veicam\u0101s distances un citiem l\u012bdz\u012bgiem apst\u0101k\u013ciem.<\/li>\n<li>Par varb\u016bt\u0113j\u0101m likum\u012bg\u0101m izmai\u0146\u0101m, kas notiku\u0161as p\u0113c Assistance Exclusive izdo\u0161anas, J\u016bs tiksiet inform\u0113ts.<\/li>\n<li>Assistance Exclusive st\u0101jas sp\u0113k\u0101 ar dokument\u0101 nor\u0101d\u012bto datumu, bet ne \u0101tr\u0101k par samaksas sa\u0146em\u0161anas datumu..<\/li>\n<li>Assistance Exclusive ir nosl\u0113gts uz noteiktu laiku latvie\u0161u valod\u0101.<\/li>\n<\/ul>\n","protected":false},"excerpt":{"rendered":"<p>J\u016bs esat izdar\u012bjis pareizo izv\u0113li! Assistance Exclusive b\u016bs J\u016bsu r\u012bc\u012bb\u0101, sniedzot pal\u012bdz\u012bbu \u0101rzem\u0113s, kad t\u0101 ir nepiecie\u0161ama. KUR\u0160 VAR IZMANTOT ASSISTANCE EXCLUSIVE? Assistance Exclusive ir \u012bpa\u0161s pakalpojums LAMB autokluba biedram. Assistance Exclusive aizsarg\u0101 LAMB autokluba biedrus un t\u0101 l\u012bdzbrauc\u0113jus. K\u0100DAM TRANSPORTA L\u012aDZEKLIM IR DER\u012aGA ASSISTANCE EXCLUSIVE? Ar Assistance Exclusive J\u016bs varat sa\u0146emt pal\u012bdz\u012bbu transporta l\u012bdzeklim [&hellip;]<\/p>\n","protected":false},"author":2,"featured_media":0,"parent":0,"menu_order":0,"comment_status":"closed","ping_status":"closed","template":"","meta":{"_acf_changed":false,"footnotes":""},"class_list":["post-3829","page","type-page","status-publish","hentry"],"acf":[],"aioseo_notices":[],"_links":{"self":[{"href":"https:\/\/lamb.lv\/en\/wp-json\/wp\/v2\/pages\/3829","targetHints":{"allow":["GET"]}}],"collection":[{"href":"https:\/\/lamb.lv\/en\/wp-json\/wp\/v2\/pages"}],"about":[{"href":"https:\/\/lamb.lv\/en\/wp-json\/wp\/v2\/types\/page"}],"author":[{"embeddable":true,"href":"https:\/\/lamb.lv\/en\/wp-json\/wp\/v2\/users\/2"}],"replies":[{"embeddable":true,"href":"https:\/\/lamb.lv\/en\/wp-json\/wp\/v2\/comments?post=3829"}],"version-history":[{"count":0,"href":"https:\/\/lamb.lv\/en\/wp-json\/wp\/v2\/pages\/3829\/revisions"}],"wp:attachment":[{"href":"https:\/\/lamb.lv\/en\/wp-json\/wp\/v2\/media?parent=3829"}],"curies":[{"name":"wp","href":"https:\/\/api.w.org\/{rel}","templated":true}]}}